{"id":2,"date":"2023-05-01T17:51:44","date_gmt":"2023-05-01T15:51:44","guid":{"rendered":"https:\/\/www.vintage-camper.com\/paca\/?page_id=2"},"modified":"2024-05-24T17:46:27","modified_gmt":"2024-05-24T15:46:27","slug":"nom-agence","status":"publish","type":"page","link":"https:\/\/www.vintage-camper.com\/paca\/","title":{"rendered":"Vintage Camper PACA"},"content":{"rendered":"\n<p>Vintage Camper implante sa 1\u00e8re agence de location de vans modernes dans le Sud-Est de la France&nbsp;: d\u00e9nomm\u00e9e Vintage Camper Paca l\u2019agence est situ\u00e9e \u00e0 proximit\u00e9 d\u2019Avignon dans le Vaucluse (84).&nbsp;<\/p>\n\n\n\n<p>La situation, centrale, de l\u2019agence vous permettra de rayonner facilement tout autour d\u2019une r\u00e9gion \u00e9poustouflante aux richesses insoup\u00e7onn\u00e9es : les d\u00e9partements du Gard, de la Dr\u00f4me, des Bouches du Rh\u00f4ne, des Alpes de Haute Provence), les villes de Marseille, Aix-en-Provence, Valence et Digne les Bains, sa Provence c\u00e9l\u00e8bre dans le monde entier, sa Mer M\u00e9diterran\u00e9e (de la Costa Brava espagnole \u00e0 la Riviera italienne en passant par Collioure et sa c\u00f4te Vermeille, les \u00e9tangs de la Narbonnaise, de S\u00e8te et de Camargue, les Calanques de Marseille \u00e0 Cassis et sa c\u00e9l\u00e8bre C\u00f4te d\u2019Azur), ses Parc R\u00e9gionaux, Nationaux et autres sites d\u2019exceptions.<\/p>\n\n\n\n<p>Il vous sera possible de rejoindre facilement l\u2019agence en TGV gr\u00e2ce \u00e0 l\u2019un des meilleurs r\u00e9seaux de France. Ainsi que vous arriviez de Marseille, Valence, Lyon ou m\u00eame Paris voire Lille nous nous ferons un plaisir de venir vous r\u00e9cup\u00e9rer ou vous mettre \u00e0 disposition le van directement en gare.<\/p>\n\n\n\n<p>L\u2019agence est en partenariat avec France Passion avec + de 2000 agriculteurs en France. Vous pourrez y d\u00e9couvrir des endroits tr\u00e8s accueillants, des \u00e9tapes gratuites, gourmandes en toutes saisons et par la m\u00eame occasion des lieux o\u00f9 vous serez autoris\u00e9 \u00e0 passer la nuit en toute s\u00e9curit\u00e9.<\/p>\n\n\n\n<p>De plus, pour vous permettre de profiter au mieux de votre aventure, Vintage Camper Paca vous propose de concevoir votre road-trip \u00absur-mesure\u00bb. Il vous suffira simplement de nous indiquer vos souhaits et pr\u00e9f\u00e9rences (vos spots et trajets souhait\u00e9s, vos activit\u00e9s pr\u00e9f\u00e9r\u00e9es) et nous nous chargerons du reste ! Suivez le guide et votre voyage se transformera en un souvenir inoubliable et unique !<\/p>\n","protected":false},"excerpt":{"rendered":"<p>Vintage Camper implante sa 1\u00e8re agence de location de vans modernes dans le Sud-Est de la France&nbsp;: d\u00e9nomm\u00e9e Vintage Camper Paca l\u2019agence est situ\u00e9e \u00e0 proximit\u00e9 d\u2019Avignon dans le Vaucluse (84).&nbsp; La situation, centrale, de l\u2019agence vous permettra de rayonner facilement tout autour d\u2019une r\u00e9gion \u00e9poustouflante aux richesses insoup\u00e7onn\u00e9es : les d\u00e9partements du Gard, de [&hellip;]<\/p>\n","protected":false},"author":1,"featured_media":0,"parent":0,"menu_order":0,"comment_status":"closed","ping_status":"closed","template":"","meta":{"_acf_changed":false,"footnotes":""},"class_list":["post-2","page","type-page","status-publish","hentry"],"acf":[],"yoast_head":"<!-- This site is optimized with the Yoast SEO plugin v26.8 - https:\/\/yoast.com\/product\/yoast-seo-wordpress\/ -->\n<title>Location de van am\u00e9nag\u00e9 en Provence Alpes C\u00f4te d&#039;azur - Vintage Camper PACA<\/title>\n<meta name=\"description\" content=\"Partez en road trip en Provence \u00e0 bord d&#039;un van am\u00e9nag\u00e9 et louez un van avec Vintage Camper PACA.\" \/>\n<meta name=\"robots\" content=\"index, follow, max-snippet:-1, max-image-preview:large, max-video-preview:-1\" \/>\n<link rel=\"canonical\" href=\"https:\/\/www.vintage-camper.com\/paca\/\" \/>\n<meta property=\"og:locale\" content=\"fr_FR\" \/>\n<meta property=\"og:type\" content=\"article\" \/>\n<meta property=\"og:title\" content=\"Location de van am\u00e9nag\u00e9 en Provence Alpes C\u00f4te d&#039;azur - Vintage Camper PACA\" \/>\n<meta property=\"og:description\" content=\"Partez en road trip en Provence \u00e0 bord d&#039;un van am\u00e9nag\u00e9 et louez un van avec Vintage Camper PACA.\" \/>\n<meta property=\"og:url\" content=\"https:\/\/www.vintage-camper.com\/paca\/\" \/>\n<meta property=\"og:site_name\" content=\"Vintage Camper PACA\" \/>\n<meta property=\"article:modified_time\" content=\"2024-05-24T15:46:27+00:00\" \/>\n<meta name=\"twitter:card\" content=\"summary_large_image\" \/>\n<meta name=\"twitter:label1\" content=\"Dur\u00e9e de lecture estim\u00e9e\" \/>\n\t<meta name=\"twitter:data1\" content=\"2 minutes\" \/>\n<script type=\"application\/ld+json\" class=\"yoast-schema-graph\">{\"@context\":\"https:\/\/schema.org\",\"@graph\":[{\"@type\":\"WebPage\",\"@id\":\"https:\/\/www.vintage-camper.com\/paca\/\",\"url\":\"https:\/\/www.vintage-camper.com\/paca\/\",\"name\":\"Location de van am\u00e9nag\u00e9 en Provence Alpes C\u00f4te d'azur - Vintage Camper PACA\",\"isPartOf\":{\"@id\":\"https:\/\/www.vintage-camper.com\/paca\/#website\"},\"datePublished\":\"2023-05-01T15:51:44+00:00\",\"dateModified\":\"2024-05-24T15:46:27+00:00\",\"description\":\"Partez en road trip en Provence \u00e0 bord d'un van am\u00e9nag\u00e9 et louez un van avec Vintage Camper PACA.\",\"breadcrumb\":{\"@id\":\"https:\/\/www.vintage-camper.com\/paca\/#breadcrumb\"},\"inLanguage\":\"fr-FR\",\"potentialAction\":[{\"@type\":\"ReadAction\",\"target\":[\"https:\/\/www.vintage-camper.com\/paca\/\"]}]},{\"@type\":\"BreadcrumbList\",\"@id\":\"https:\/\/www.vintage-camper.com\/paca\/#breadcrumb\",\"itemListElement\":[{\"@type\":\"ListItem\",\"position\":1,\"name\":\"Accueil\",\"item\":\"https:\/\/www.vintage-camper.com\/paca\/\"},{\"@type\":\"ListItem\",\"position\":2,\"name\":\"Vintage Camper PACA\"}]},{\"@type\":\"WebSite\",\"@id\":\"https:\/\/www.vintage-camper.com\/paca\/#website\",\"url\":\"https:\/\/www.vintage-camper.com\/paca\/\",\"name\":\"Vintage Camper PACA\",\"description\":\"\",\"potentialAction\":[{\"@type\":\"SearchAction\",\"target\":{\"@type\":\"EntryPoint\",\"urlTemplate\":\"https:\/\/www.vintage-camper.com\/paca\/?s={search_term_string}\"},\"query-input\":{\"@type\":\"PropertyValueSpecification\",\"valueRequired\":true,\"valueName\":\"search_term_string\"}}],\"inLanguage\":\"fr-FR\"}]}<\/script>\n<!-- \/ Yoast SEO plugin. -->","yoast_head_json":{"title":"Location de van am\u00e9nag\u00e9 en Provence Alpes C\u00f4te d'azur - Vintage Camper PACA","description":"Partez en road trip en Provence \u00e0 bord d'un van am\u00e9nag\u00e9 et louez un van avec Vintage Camper PACA.","robots":{"index":"index","follow":"follow","max-snippet":"max-snippet:-1","max-image-preview":"max-image-preview:large","max-video-preview":"max-video-preview:-1"},"canonical":"https:\/\/www.vintage-camper.com\/paca\/","og_locale":"fr_FR","og_type":"article","og_title":"Location de van am\u00e9nag\u00e9 en Provence Alpes C\u00f4te d'azur - Vintage Camper PACA","og_description":"Partez en road trip en Provence \u00e0 bord d'un van am\u00e9nag\u00e9 et louez un van avec Vintage Camper PACA.","og_url":"https:\/\/www.vintage-camper.com\/paca\/","og_site_name":"Vintage Camper PACA","article_modified_time":"2024-05-24T15:46:27+00:00","twitter_card":"summary_large_image","twitter_misc":{"Dur\u00e9e de lecture estim\u00e9e":"2 minutes"},"schema":{"@context":"https:\/\/schema.org","@graph":[{"@type":"WebPage","@id":"https:\/\/www.vintage-camper.com\/paca\/","url":"https:\/\/www.vintage-camper.com\/paca\/","name":"Location de van am\u00e9nag\u00e9 en Provence Alpes C\u00f4te d'azur - Vintage Camper PACA","isPartOf":{"@id":"https:\/\/www.vintage-camper.com\/paca\/#website"},"datePublished":"2023-05-01T15:51:44+00:00","dateModified":"2024-05-24T15:46:27+00:00","description":"Partez en road trip en Provence \u00e0 bord d'un van am\u00e9nag\u00e9 et louez un van avec Vintage Camper PACA.","breadcrumb":{"@id":"https:\/\/www.vintage-camper.com\/paca\/#breadcrumb"},"inLanguage":"fr-FR","potentialAction":[{"@type":"ReadAction","target":["https:\/\/www.vintage-camper.com\/paca\/"]}]},{"@type":"BreadcrumbList","@id":"https:\/\/www.vintage-camper.com\/paca\/#breadcrumb","itemListElement":[{"@type":"ListItem","position":1,"name":"Accueil","item":"https:\/\/www.vintage-camper.com\/paca\/"},{"@type":"ListItem","position":2,"name":"Vintage Camper PACA"}]},{"@type":"WebSite","@id":"https:\/\/www.vintage-camper.com\/paca\/#website","url":"https:\/\/www.vintage-camper.com\/paca\/","name":"Vintage Camper PACA","description":"","potentialAction":[{"@type":"SearchAction","target":{"@type":"EntryPoint","urlTemplate":"https:\/\/www.vintage-camper.com\/paca\/?s={search_term_string}"},"query-input":{"@type":"PropertyValueSpecification","valueRequired":true,"valueName":"search_term_string"}}],"inLanguage":"fr-FR"}]}},"_links":{"self":[{"href":"https:\/\/www.vintage-camper.com\/paca\/wp-json\/wp\/v2\/pages\/2","targetHints":{"allow":["GET"]}}],"collection":[{"href":"https:\/\/www.vintage-camper.com\/paca\/wp-json\/wp\/v2\/pages"}],"about":[{"href":"https:\/\/www.vintage-camper.com\/paca\/wp-json\/wp\/v2\/types\/page"}],"author":[{"embeddable":true,"href":"https:\/\/www.vintage-camper.com\/paca\/wp-json\/wp\/v2\/users\/1"}],"replies":[{"embeddable":true,"href":"https:\/\/www.vintage-camper.com\/paca\/wp-json\/wp\/v2\/comments?post=2"}],"version-history":[{"count":12,"href":"https:\/\/www.vintage-camper.com\/paca\/wp-json\/wp\/v2\/pages\/2\/revisions"}],"predecessor-version":[{"id":200,"href":"https:\/\/www.vintage-camper.com\/paca\/wp-json\/wp\/v2\/pages\/2\/revisions\/200"}],"wp:attachment":[{"href":"https:\/\/www.vintage-camper.com\/paca\/wp-json\/wp\/v2\/media?parent=2"}],"curies":[{"name":"wp","href":"https:\/\/api.w.org\/{rel}","templated":true}]}}